{"id":33,"date":"2023-09-10T04:44:25","date_gmt":"2023-09-10T04:44:25","guid":{"rendered":"https:\/\/themeholy.com\/wordpress\/test\/?page_id=33"},"modified":"2026-03-03T13:50:36","modified_gmt":"2026-03-03T13:50:36","slug":"kontakt","status":"publish","type":"page","link":"https:\/\/banderillas.eu\/index.php\/kontakt\/","title":{"rendered":"KONTAKT"},"content":{"rendered":"\t\t<div data-elementor-type=\"wp-page\" data-elementor-id=\"33\" class=\"elementor elementor-33\">\n\t\t\t\t\t\t<section class=\"elementor-section elementor-top-section elementor-element elementor-element-e13b49e elementor-section-boxed elementor-section-height-default elementor-section-height-default\" data-id=\"e13b49e\" data-element_type=\"section\" data-e-type=\"section\">\n\t\t\t\t\t\t<div class=\"elementor-container elementor-column-gap-no\">\n\t\t\t\t\t<div class=\"elementor-column elementor-col-100 elementor-top-column elementor-element elementor-element-f0735ce\" data-id=\"f0735ce\" data-element_type=\"column\" data-e-type=\"column\">\n\t\t\t<div class=\"elementor-widget-wrap elementor-element-populated\">\n\t\t\t\t\t\t<div class=\"elementor-element elementor-element-a26344b elementor-widget elementor-widget-danzacontactinfo\" data-id=\"a26344b\" data-element_type=\"widget\" data-e-type=\"widget\" data-widget_type=\"danzacontactinfo.default\">\n\t\t\t\t<div class=\"elementor-widget-container\">\n\t\t\t\t\t        \t\t\t<div class=\"row gy-4 justify-content-center\">\r\n                <div class=\"col-md-6 col-lg-4\">\r\n                    <div class=\"contact-info text-center\">\r\n                        <div class=\"contact-info_icon\">\r\n\t\t\t\t\t\t\t<i class=\"fa-sharp fa-solid fa-location-dot\"><\/i>                        <\/div>\r\n                        <div class=\"media-body\">\r\n                            <h4 class=\"contact-info_title\">Lokacija<\/h4>\r\n                            <span class=\"contact-info_text e-text\">Ul. Pavla \u0160ubi\u0107a 20, 10000, Zagreb (\u010ce\u0161ki dom Zagreb).<\/span>\r\n                        <\/div>\r\n                    <\/div>\r\n                <\/div>\r\n                <div class=\"col-md-6 col-lg-4\">\r\n                    <div class=\"contact-info text-center\">\r\n                        <div class=\"contact-info_icon\">\r\n\t\t\t\t\t\t\t<i class=\"fa fa-phone\"><\/i>                        <\/div>\r\n                        <div class=\"media-body\">\r\n                            <h4 class=\"contact-info_title\">Kontakt Telefoni<\/h4>\r\n                            <span class=\"contact-info_text  e-text\">\r\n\t\t\t\t\t\t\t\t<a href=\"tel:+385955097879Senad\">+385 95  5097 879 Senad<\/a>\r\n\t\t\t\t\t\t\t\t<a href=\"tel:+385953458877Mario\">+385 95 3458 877 Mario<\/a>\r\n                            <\/span>\r\n                        <\/div>\r\n                    <\/div>\r\n                <\/div>\r\n                <div class=\"col-md-6 col-lg-4\">\r\n                    <div class=\"contact-info text-center\">\r\n                        <div class=\"contact-info_icon\">\r\n\t\t\t\t\t\t\t<i class=\"fa-regular fa-clock\"><\/i>                        <\/div>\r\n                        <div class=\"media-body\">\r\n                            <h4 class=\"contact-info_title\">Work Time:<\/h4>\r\n                            <span class=\"contact-info_text e-text\">09:00h - 17:00h ( Ponedjeljak - Petak ) <\/span>\r\n                        <\/div>\r\n                    <\/div>\r\n                <\/div>\r\n            <\/div>\r\n\r\n        \t\t\t\t<\/div>\n\t\t\t\t<\/div>\n\t\t\t\t\t<\/div>\n\t\t<\/div>\n\t\t\t\t\t<\/div>\n\t\t<\/section>\n\t\t\t\t<section class=\"elementor-section elementor-top-section elementor-element elementor-element-6d9a3a6 elementor-section-full_width elementor-section-height-default elementor-section-height-default\" data-id=\"6d9a3a6\" data-element_type=\"section\" data-e-type=\"section\">\n\t\t\t\t\t\t<div class=\"elementor-container elementor-column-gap-no\">\n\t\t\t\t\t<div class=\"elementor-column elementor-col-100 elementor-top-column elementor-element elementor-element-5104b4f\" data-id=\"5104b4f\" data-element_type=\"column\" data-e-type=\"column\">\n\t\t\t<div class=\"elementor-widget-wrap elementor-element-populated\">\n\t\t\t\t\t\t<div class=\"elementor-element elementor-element-9ad0631 elementor-widget elementor-widget-danzashapeimage\" data-id=\"9ad0631\" data-element_type=\"widget\" data-e-type=\"widget\" data-widget_type=\"danzashapeimage.default\">\n\t\t\t\t<div class=\"elementor-widget-container\">\n\t\t\t\t\t<!-- Image --><div class=\"shape-mockup  ripple-animation d-xl-block d-none\" data-bottom=\"15%\" data-left=\"5%\"><img decoding=\"async\" src=\"https:\/\/themeholy.com\/wordpress\/danza\/wp-content\/uploads\/2023\/09\/shape_7.png\" alt=\"Plesna \u0161kola Banderillas \u2013 Salsa, bachata i dru\u0161tveni plesovi\" ><\/div><!-- End Image -->\t\t\t\t<\/div>\n\t\t\t\t<\/div>\n\t\t\t\t<section class=\"elementor-section elementor-inner-section elementor-element elementor-element-f65e3d2 elementor-section-boxed elementor-section-height-default elementor-section-height-default\" data-id=\"f65e3d2\" data-element_type=\"section\" data-e-type=\"section\">\n\t\t\t\t\t\t<div class=\"elementor-container elementor-column-gap-no\">\n\t\t\t\t\t<div class=\"elementor-column elementor-col-100 elementor-inner-column elementor-element elementor-element-020c758\" data-id=\"020c758\" data-element_type=\"column\" data-e-type=\"column\">\n\t\t\t<div class=\"elementor-widget-wrap elementor-element-populated\">\n\t\t\t\t\t\t<div class=\"elementor-element elementor-element-4482ad3 elementor-widget elementor-widget-html\" data-id=\"4482ad3\" data-element_type=\"widget\" data-e-type=\"widget\" data-widget_type=\"html.default\">\n\t\t\t\t\t<iframe src=\"https:\/\/docs.google.com\/forms\/d\/e\/1FAIpQLScgmpG9CCOKglUqac1kL2_1E4swwrUMqDU83ZkrZbw7ZsF_nQ\/viewform?embedded=true\" width=\"640\" height=\"1640\" frameborder=\"0\" marginheight=\"0\" marginwidth=\"0\">Loading\u2026<\/iframe>\t\t\t\t<\/div>\n\t\t\t\t\t<\/div>\n\t\t<\/div>\n\t\t\t\t\t<\/div>\n\t\t<\/section>\n\t\t\t\t<div class=\"elementor-element elementor-element-a77a0ea elementor-widget elementor-widget-danzashapeimage\" data-id=\"a77a0ea\" data-element_type=\"widget\" data-e-type=\"widget\" data-widget_type=\"danzashapeimage.default\">\n\t\t\t\t<div class=\"elementor-widget-container\">\n\t\t\t\t\t<!-- Image --><div class=\"shape-mockup  jump d-xl-block d-none\" data-top=\"-45%\" data-right=\"0.1%\"><img decoding=\"async\" src=\"https:\/\/themeholy.com\/wordpress\/danza\/wp-content\/uploads\/2023\/09\/contact_shape.svg\" alt=\"Plesna \u0161kola Banderillas \u2013 Salsa, bachata i dru\u0161tveni plesovi\" ><\/div><!-- End Image -->\t\t\t\t<\/div>\n\t\t\t\t<\/div>\n\t\t\t\t\t<\/div>\n\t\t<\/div>\n\t\t\t\t\t<\/div>\n\t\t<\/section>\n\t\t\t\t<section class=\"elementor-section elementor-top-section elementor-element elementor-element-dddcbe1 elementor-section-full_width elementor-section-height-default elementor-section-height-default\" data-id=\"dddcbe1\" data-element_type=\"section\" data-e-type=\"section\">\n\t\t\t\t\t\t<div class=\"elementor-container elementor-column-gap-no\">\n\t\t\t\t\t<div class=\"elementor-column elementor-col-100 elementor-top-column elementor-element elementor-element-8e1eb79\" data-id=\"8e1eb79\" data-element_type=\"column\" data-e-type=\"column\">\n\t\t\t<div class=\"elementor-widget-wrap elementor-element-populated\">\n\t\t\t\t\t\t<div class=\"elementor-element elementor-element-5667bc2 elementor-widget elementor-widget-google_maps\" data-id=\"5667bc2\" data-element_type=\"widget\" data-e-type=\"widget\" data-widget_type=\"google_maps.default\">\n\t\t\t\t\t\t\t<div class=\"elementor-custom-embed\">\n\t\t\t<iframe loading=\"lazy\"\n\t\t\t\t\tsrc=\"https:\/\/maps.google.com\/maps?q=Ul.%20Pavla%20%C5%A0ubi%C4%87a%2020%2C%2010000%2C%20Zagreb&#038;t=m&#038;z=13&#038;output=embed&#038;iwloc=near\"\n\t\t\t\t\ttitle=\"Ul. Pavla \u0160ubi\u0107a 20, 10000, Zagreb\"\n\t\t\t\t\taria-label=\"Ul. Pavla \u0160ubi\u0107a 20, 10000, Zagreb\"\n\t\t\t><\/iframe>\n\t\t<\/div>\n\t\t\t\t\t\t<\/div>\n\t\t\t\t\t<\/div>\n\t\t<\/div>\n\t\t\t\t\t<\/div>\n\t\t<\/section>\n\t\t\t\t<\/div>\n\t\t","protected":false},"excerpt":{"rendered":"<p>Lokacija Ul. Pavla \u0160ubi\u0107a 20, 10000, Zagreb (\u010ce\u0161ki dom Zagreb). Kontakt Telefoni +385 95 5097 879 Senad +385 95 3458 877 Mario Work Time: 09:00h &#8211; 17:00h ( Ponedjeljak &#8211; Petak ) Loading\u2026<\/p>\n","protected":false},"author":1,"featured_media":0,"parent":0,"menu_order":0,"comment_status":"closed","ping_status":"closed","template":"template-builder.php","meta":{"footnotes":""},"class_list":["post-33","page","type-page","status-publish","hentry"],"yoast_head":"<!-- This site is optimized with the Yoast SEO plugin v27.1 - https:\/\/yoast.com\/product\/yoast-seo-wordpress\/ -->\n<title>KONTAKT - Plesna \u0161kola Banderillas \u2013 Salsa, bachata i dru\u0161tveni plesovi<\/title>\n<meta name=\"description\" content=\"Kontaktiraj Plesnu \u0161kolu Banderillas i saznaj vi\u0161e o te\u010dajevima salse i bachate u Zagrebu. Informacije i plesni programi za sve razine.\" \/>\n<meta name=\"robots\" content=\"index, follow, max-snippet:-1, max-image-preview:large, max-video-preview:-1\" \/>\n<link rel=\"canonical\" href=\"https:\/\/banderillas.eu\/index.php\/kontakt\/\" \/>\n<meta property=\"og:locale\" content=\"en_US\" \/>\n<meta property=\"og:type\" content=\"article\" \/>\n<meta property=\"og:title\" content=\"Kontakt \u2013 Plesna \u0161kola Banderillas\" \/>\n<meta property=\"og:description\" content=\"Kontaktiraj Plesnu \u0161kolu Banderillas i saznaj vi\u0161e o te\u010dajevima salse i bachate u Zagrebu. Informacije i plesni programi za sve razine.\" \/>\n<meta property=\"og:url\" content=\"https:\/\/banderillas.eu\/index.php\/kontakt\/\" \/>\n<meta property=\"og:site_name\" content=\"Plesna \u0161kola Banderillas \u2013 Salsa, bachata i dru\u0161tveni plesovi\" \/>\n<meta property=\"article:publisher\" content=\"https:\/\/www.facebook.com\/banderillasplesnaskola\" \/>\n<meta property=\"article:modified_time\" content=\"2026-03-03T13:50:36+00:00\" \/>\n<meta property=\"og:image\" content=\"https:\/\/banderillas.eu\/wp-content\/uploads\/2026\/02\/Banderillas-logo-Tamni-Bez-Pozadine.png\" \/>\n\t<meta property=\"og:image:width\" content=\"1024\" \/>\n\t<meta property=\"og:image:height\" content=\"1024\" \/>\n\t<meta property=\"og:image:type\" content=\"image\/png\" \/>\n<meta name=\"twitter:card\" content=\"summary_large_image\" \/>\n<meta name=\"twitter:title\" content=\"Kontakt \u2013 Plesna \u0161kola Banderillas\" \/>\n<meta name=\"twitter:description\" content=\"Kontaktiraj Plesnu \u0161kolu Banderillas i saznaj vi\u0161e o te\u010dajevima salse i bachate u Zagrebu. Informacije i plesni programi za sve razine.\" \/>\n<meta name=\"twitter:image\" content=\"https:\/\/banderillas.eu\/wp-content\/uploads\/2026\/02\/Banderillas-logo-Tamni-Bez-Pozadine.png\" \/>\n<meta name=\"twitter:label1\" content=\"Est. reading time\" \/>\n\t<meta name=\"twitter:data1\" content=\"1 minute\" \/>\n<script type=\"application\/ld+json\" class=\"yoast-schema-graph\">{\"@context\":\"https:\/\/schema.org\",\"@graph\":[{\"@type\":\"WebPage\",\"@id\":\"https:\/\/banderillas.eu\/index.php\/kontakt\/\",\"url\":\"https:\/\/banderillas.eu\/index.php\/kontakt\/\",\"name\":\"KONTAKT - Plesna \u0161kola Banderillas \u2013 Salsa, bachata i dru\u0161tveni plesovi\",\"isPartOf\":{\"@id\":\"https:\/\/banderillas.eu\/#website\"},\"primaryImageOfPage\":{\"@id\":\"https:\/\/banderillas.eu\/index.php\/kontakt\/#primaryimage\"},\"image\":{\"@id\":\"https:\/\/banderillas.eu\/index.php\/kontakt\/#primaryimage\"},\"thumbnailUrl\":\"https:\/\/themeholy.com\/wordpress\/danza\/wp-content\/uploads\/2023\/09\/shape_7.png\",\"datePublished\":\"2023-09-10T04:44:25+00:00\",\"dateModified\":\"2026-03-03T13:50:36+00:00\",\"description\":\"Kontaktiraj Plesnu \u0161kolu Banderillas i saznaj vi\u0161e o te\u010dajevima salse i bachate u Zagrebu. Informacije i plesni programi za sve razine.\",\"breadcrumb\":{\"@id\":\"https:\/\/banderillas.eu\/index.php\/kontakt\/#breadcrumb\"},\"inLanguage\":\"en-US\",\"potentialAction\":[{\"@type\":\"ReadAction\",\"target\":[\"https:\/\/banderillas.eu\/index.php\/kontakt\/\"]}]},{\"@type\":\"ImageObject\",\"inLanguage\":\"en-US\",\"@id\":\"https:\/\/banderillas.eu\/index.php\/kontakt\/#primaryimage\",\"url\":\"https:\/\/themeholy.com\/wordpress\/danza\/wp-content\/uploads\/2023\/09\/shape_7.png\",\"contentUrl\":\"https:\/\/themeholy.com\/wordpress\/danza\/wp-content\/uploads\/2023\/09\/shape_7.png\"},{\"@type\":\"BreadcrumbList\",\"@id\":\"https:\/\/banderillas.eu\/index.php\/kontakt\/#breadcrumb\",\"itemListElement\":[{\"@type\":\"ListItem\",\"position\":1,\"name\":\"Home\",\"item\":\"https:\/\/banderillas.eu\/\"},{\"@type\":\"ListItem\",\"position\":2,\"name\":\"KONTAKT\"}]},{\"@type\":\"WebSite\",\"@id\":\"https:\/\/banderillas.eu\/#website\",\"url\":\"https:\/\/banderillas.eu\/\",\"name\":\"Plesna \u0161kola Banderillas \u2013 Salsa, bachata i dru\u0161tveni plesovi\",\"description\":\"\",\"publisher\":{\"@id\":\"https:\/\/banderillas.eu\/#organization\"},\"potentialAction\":[{\"@type\":\"SearchAction\",\"target\":{\"@type\":\"EntryPoint\",\"urlTemplate\":\"https:\/\/banderillas.eu\/?s={search_term_string}\"},\"query-input\":{\"@type\":\"PropertyValueSpecification\",\"valueRequired\":true,\"valueName\":\"search_term_string\"}}],\"inLanguage\":\"en-US\"},{\"@type\":\"Organization\",\"@id\":\"https:\/\/banderillas.eu\/#organization\",\"name\":\"Plesna \u0161kola Banderillas \u2013 Salsa, bachata i dru\u0161tveni plesovi\",\"url\":\"https:\/\/banderillas.eu\/\",\"logo\":{\"@type\":\"ImageObject\",\"inLanguage\":\"en-US\",\"@id\":\"https:\/\/banderillas.eu\/#\/schema\/logo\/image\/\",\"url\":\"https:\/\/banderillas.eu\/wp-content\/uploads\/2026\/02\/Banderillas-logo-Tamni-Bez-Pozadine.png\",\"contentUrl\":\"https:\/\/banderillas.eu\/wp-content\/uploads\/2026\/02\/Banderillas-logo-Tamni-Bez-Pozadine.png\",\"width\":1024,\"height\":1024,\"caption\":\"Plesna \u0161kola Banderillas \u2013 Salsa, bachata i dru\u0161tveni plesovi\"},\"image\":{\"@id\":\"https:\/\/banderillas.eu\/#\/schema\/logo\/image\/\"},\"sameAs\":[\"https:\/\/www.facebook.com\/banderillasplesnaskola\",\"https:\/\/www.instagram.com\/banderillas_plesnaskola\/\"]}]}<\/script>\n<!-- \/ Yoast SEO plugin. -->","yoast_head_json":{"title":"KONTAKT - Plesna \u0161kola Banderillas \u2013 Salsa, bachata i dru\u0161tveni plesovi","description":"Kontaktiraj Plesnu \u0161kolu Banderillas i saznaj vi\u0161e o te\u010dajevima salse i bachate u Zagrebu. Informacije i plesni programi za sve razine.","robots":{"index":"index","follow":"follow","max-snippet":"max-snippet:-1","max-image-preview":"max-image-preview:large","max-video-preview":"max-video-preview:-1"},"canonical":"https:\/\/banderillas.eu\/index.php\/kontakt\/","og_locale":"en_US","og_type":"article","og_title":"Kontakt \u2013 Plesna \u0161kola Banderillas","og_description":"Kontaktiraj Plesnu \u0161kolu Banderillas i saznaj vi\u0161e o te\u010dajevima salse i bachate u Zagrebu. Informacije i plesni programi za sve razine.","og_url":"https:\/\/banderillas.eu\/index.php\/kontakt\/","og_site_name":"Plesna \u0161kola Banderillas \u2013 Salsa, bachata i dru\u0161tveni plesovi","article_publisher":"https:\/\/www.facebook.com\/banderillasplesnaskola","article_modified_time":"2026-03-03T13:50:36+00:00","og_image":[{"width":1024,"height":1024,"url":"https:\/\/banderillas.eu\/wp-content\/uploads\/2026\/02\/Banderillas-logo-Tamni-Bez-Pozadine.png","type":"image\/png"}],"twitter_card":"summary_large_image","twitter_title":"Kontakt \u2013 Plesna \u0161kola Banderillas","twitter_description":"Kontaktiraj Plesnu \u0161kolu Banderillas i saznaj vi\u0161e o te\u010dajevima salse i bachate u Zagrebu. Informacije i plesni programi za sve razine.","twitter_image":"https:\/\/banderillas.eu\/wp-content\/uploads\/2026\/02\/Banderillas-logo-Tamni-Bez-Pozadine.png","twitter_misc":{"Est. reading time":"1 minute"},"schema":{"@context":"https:\/\/schema.org","@graph":[{"@type":"WebPage","@id":"https:\/\/banderillas.eu\/index.php\/kontakt\/","url":"https:\/\/banderillas.eu\/index.php\/kontakt\/","name":"KONTAKT - Plesna \u0161kola Banderillas \u2013 Salsa, bachata i dru\u0161tveni plesovi","isPartOf":{"@id":"https:\/\/banderillas.eu\/#website"},"primaryImageOfPage":{"@id":"https:\/\/banderillas.eu\/index.php\/kontakt\/#primaryimage"},"image":{"@id":"https:\/\/banderillas.eu\/index.php\/kontakt\/#primaryimage"},"thumbnailUrl":"https:\/\/themeholy.com\/wordpress\/danza\/wp-content\/uploads\/2023\/09\/shape_7.png","datePublished":"2023-09-10T04:44:25+00:00","dateModified":"2026-03-03T13:50:36+00:00","description":"Kontaktiraj Plesnu \u0161kolu Banderillas i saznaj vi\u0161e o te\u010dajevima salse i bachate u Zagrebu. Informacije i plesni programi za sve razine.","breadcrumb":{"@id":"https:\/\/banderillas.eu\/index.php\/kontakt\/#breadcrumb"},"inLanguage":"en-US","potentialAction":[{"@type":"ReadAction","target":["https:\/\/banderillas.eu\/index.php\/kontakt\/"]}]},{"@type":"ImageObject","inLanguage":"en-US","@id":"https:\/\/banderillas.eu\/index.php\/kontakt\/#primaryimage","url":"https:\/\/themeholy.com\/wordpress\/danza\/wp-content\/uploads\/2023\/09\/shape_7.png","contentUrl":"https:\/\/themeholy.com\/wordpress\/danza\/wp-content\/uploads\/2023\/09\/shape_7.png"},{"@type":"BreadcrumbList","@id":"https:\/\/banderillas.eu\/index.php\/kontakt\/#breadcrumb","itemListElement":[{"@type":"ListItem","position":1,"name":"Home","item":"https:\/\/banderillas.eu\/"},{"@type":"ListItem","position":2,"name":"KONTAKT"}]},{"@type":"WebSite","@id":"https:\/\/banderillas.eu\/#website","url":"https:\/\/banderillas.eu\/","name":"Plesna \u0161kola Banderillas \u2013 Salsa, bachata i dru\u0161tveni plesovi","description":"","publisher":{"@id":"https:\/\/banderillas.eu\/#organization"},"potentialAction":[{"@type":"SearchAction","target":{"@type":"EntryPoint","urlTemplate":"https:\/\/banderillas.eu\/?s={search_term_string}"},"query-input":{"@type":"PropertyValueSpecification","valueRequired":true,"valueName":"search_term_string"}}],"inLanguage":"en-US"},{"@type":"Organization","@id":"https:\/\/banderillas.eu\/#organization","name":"Plesna \u0161kola Banderillas \u2013 Salsa, bachata i dru\u0161tveni plesovi","url":"https:\/\/banderillas.eu\/","logo":{"@type":"ImageObject","inLanguage":"en-US","@id":"https:\/\/banderillas.eu\/#\/schema\/logo\/image\/","url":"https:\/\/banderillas.eu\/wp-content\/uploads\/2026\/02\/Banderillas-logo-Tamni-Bez-Pozadine.png","contentUrl":"https:\/\/banderillas.eu\/wp-content\/uploads\/2026\/02\/Banderillas-logo-Tamni-Bez-Pozadine.png","width":1024,"height":1024,"caption":"Plesna \u0161kola Banderillas \u2013 Salsa, bachata i dru\u0161tveni plesovi"},"image":{"@id":"https:\/\/banderillas.eu\/#\/schema\/logo\/image\/"},"sameAs":["https:\/\/www.facebook.com\/banderillasplesnaskola","https:\/\/www.instagram.com\/banderillas_plesnaskola\/"]}]}},"_links":{"self":[{"href":"https:\/\/banderillas.eu\/index.php\/wp-json\/wp\/v2\/pages\/33","targetHints":{"allow":["GET"]}}],"collection":[{"href":"https:\/\/banderillas.eu\/index.php\/wp-json\/wp\/v2\/pages"}],"about":[{"href":"https:\/\/banderillas.eu\/index.php\/wp-json\/wp\/v2\/types\/page"}],"author":[{"embeddable":true,"href":"https:\/\/banderillas.eu\/index.php\/wp-json\/wp\/v2\/users\/1"}],"replies":[{"embeddable":true,"href":"https:\/\/banderillas.eu\/index.php\/wp-json\/wp\/v2\/comments?post=33"}],"version-history":[{"count":13,"href":"https:\/\/banderillas.eu\/index.php\/wp-json\/wp\/v2\/pages\/33\/revisions"}],"predecessor-version":[{"id":1182,"href":"https:\/\/banderillas.eu\/index.php\/wp-json\/wp\/v2\/pages\/33\/revisions\/1182"}],"wp:attachment":[{"href":"https:\/\/banderillas.eu\/index.php\/wp-json\/wp\/v2\/media?parent=33"}],"curies":[{"name":"wp","href":"https:\/\/api.w.org\/{rel}","templated":true}]}}