{"id":1171,"date":"2026-03-02T09:13:12","date_gmt":"2026-03-02T09:13:12","guid":{"rendered":"https:\/\/banderillas.eu\/?page_id=1171"},"modified":"2026-03-03T13:55:48","modified_gmt":"2026-03-03T13:55:48","slug":"registracija","status":"publish","type":"page","link":"https:\/\/banderillas.eu\/index.php\/registracija\/","title":{"rendered":"Registracija"},"content":{"rendered":"\t\t<div data-elementor-type=\"wp-page\" data-elementor-id=\"1171\" class=\"elementor elementor-1171\">\n\t\t\t\t<div class=\"elementor-element elementor-element-20bed57 e-flex e-con-boxed e-con e-parent\" data-id=\"20bed57\" data-element_type=\"container\" data-e-type=\"container\">\n\t\t\t\t\t<div class=\"e-con-inner\">\n\t\t\t\t<div class=\"elementor-element elementor-element-b205391 elementor-widget elementor-widget-html\" data-id=\"b205391\" data-element_type=\"widget\" data-e-type=\"widget\" data-widget_type=\"html.default\">\n\t\t\t\t\t<iframe src=\"https:\/\/docs.google.com\/forms\/d\/e\/1FAIpQLSc02VgDms6BAzgNMtXR16MTlwooEYvAsCgeLmb88hrsHmE_-Q\/viewform?embedded=true\" width=\"640\" height=\"1850\" frameborder=\"0\" marginheight=\"0\" marginwidth=\"0\">Loading\u2026<\/iframe>\t\t\t\t<\/div>\n\t\t\t\t\t<\/div>\n\t\t\t\t<\/div>\n\t\t\t\t<\/div>\n\t\t","protected":false},"excerpt":{"rendered":"<p>Loading\u2026<\/p>\n","protected":false},"author":1,"featured_media":0,"parent":0,"menu_order":0,"comment_status":"closed","ping_status":"closed","template":"","meta":{"footnotes":""},"class_list":["post-1171","page","type-page","status-publish","hentry"],"yoast_head":"<!-- This site is optimized with the Yoast SEO plugin v27.1 - https:\/\/yoast.com\/product\/yoast-seo-wordpress\/ -->\n<title>Registracija - Plesna \u0161kola Banderillas \u2013 Salsa, bachata i dru\u0161tveni plesovi<\/title>\n<meta name=\"description\" content=\"Registriraj se za te\u010dajeve salse, bachate i latino plesova u Plesnoj \u0161koli Banderillas. Jednostavno zapo\u010dni svoju plesnu pri\u010du u Zagrebu.\" \/>\n<meta name=\"robots\" content=\"index, follow, max-snippet:-1, max-image-preview:large, max-video-preview:-1\" \/>\n<link rel=\"canonical\" href=\"https:\/\/banderillas.eu\/index.php\/registracija\/\" \/>\n<meta property=\"og:locale\" content=\"en_US\" \/>\n<meta property=\"og:type\" content=\"article\" \/>\n<meta property=\"og:title\" content=\"Registracija \u2013 Plesna \u0161kola Banderillas\" \/>\n<meta property=\"og:description\" content=\"Registriraj se za te\u010dajeve salse, bachate i latino plesova u Plesnoj \u0161koli Banderillas. Jednostavno zapo\u010dni svoju plesnu pri\u010du u Zagrebu.\" \/>\n<meta property=\"og:url\" content=\"https:\/\/banderillas.eu\/index.php\/registracija\/\" \/>\n<meta property=\"og:site_name\" content=\"Plesna \u0161kola Banderillas \u2013 Salsa, bachata i dru\u0161tveni plesovi\" \/>\n<meta property=\"article:publisher\" content=\"https:\/\/www.facebook.com\/banderillasplesnaskola\" \/>\n<meta property=\"article:modified_time\" content=\"2026-03-03T13:55:48+00:00\" \/>\n<meta property=\"og:image\" content=\"https:\/\/banderillas.eu\/wp-content\/uploads\/2026\/02\/Banderillas-logo-Tamni-Bez-Pozadine.png\" \/>\n\t<meta property=\"og:image:width\" content=\"1024\" \/>\n\t<meta property=\"og:image:height\" content=\"1024\" \/>\n\t<meta property=\"og:image:type\" content=\"image\/png\" \/>\n<meta name=\"twitter:card\" content=\"summary_large_image\" \/>\n<meta name=\"twitter:title\" content=\"Registracija \u2013 Plesna \u0161kola Banderillas\" \/>\n<meta name=\"twitter:description\" content=\"Registriraj se za te\u010dajeve salse, bachate i latino plesova u Plesnoj \u0161koli Banderillas. Jednostavno zapo\u010dni svoju plesnu pri\u010du u Zagrebu.\" \/>\n<meta name=\"twitter:image\" content=\"https:\/\/banderillas.eu\/wp-content\/uploads\/2026\/02\/Banderillas-logo-Tamni-Bez-Pozadine.png\" \/>\n<meta name=\"twitter:label1\" content=\"Est. reading time\" \/>\n\t<meta name=\"twitter:data1\" content=\"1 minute\" \/>\n<script type=\"application\/ld+json\" class=\"yoast-schema-graph\">{\"@context\":\"https:\/\/schema.org\",\"@graph\":[{\"@type\":\"WebPage\",\"@id\":\"https:\/\/banderillas.eu\/index.php\/registracija\/\",\"url\":\"https:\/\/banderillas.eu\/index.php\/registracija\/\",\"name\":\"Registracija - Plesna \u0161kola Banderillas \u2013 Salsa, bachata i dru\u0161tveni plesovi\",\"isPartOf\":{\"@id\":\"https:\/\/banderillas.eu\/#website\"},\"datePublished\":\"2026-03-02T09:13:12+00:00\",\"dateModified\":\"2026-03-03T13:55:48+00:00\",\"description\":\"Registriraj se za te\u010dajeve salse, bachate i latino plesova u Plesnoj \u0161koli Banderillas. Jednostavno zapo\u010dni svoju plesnu pri\u010du u Zagrebu.\",\"breadcrumb\":{\"@id\":\"https:\/\/banderillas.eu\/index.php\/registracija\/#breadcrumb\"},\"inLanguage\":\"en-US\",\"potentialAction\":[{\"@type\":\"ReadAction\",\"target\":[\"https:\/\/banderillas.eu\/index.php\/registracija\/\"]}]},{\"@type\":\"BreadcrumbList\",\"@id\":\"https:\/\/banderillas.eu\/index.php\/registracija\/#breadcrumb\",\"itemListElement\":[{\"@type\":\"ListItem\",\"position\":1,\"name\":\"Home\",\"item\":\"https:\/\/banderillas.eu\/\"},{\"@type\":\"ListItem\",\"position\":2,\"name\":\"Registracija\"}]},{\"@type\":\"WebSite\",\"@id\":\"https:\/\/banderillas.eu\/#website\",\"url\":\"https:\/\/banderillas.eu\/\",\"name\":\"Plesna \u0161kola Banderillas \u2013 Salsa, bachata i dru\u0161tveni plesovi\",\"description\":\"\",\"publisher\":{\"@id\":\"https:\/\/banderillas.eu\/#organization\"},\"potentialAction\":[{\"@type\":\"SearchAction\",\"target\":{\"@type\":\"EntryPoint\",\"urlTemplate\":\"https:\/\/banderillas.eu\/?s={search_term_string}\"},\"query-input\":{\"@type\":\"PropertyValueSpecification\",\"valueRequired\":true,\"valueName\":\"search_term_string\"}}],\"inLanguage\":\"en-US\"},{\"@type\":\"Organization\",\"@id\":\"https:\/\/banderillas.eu\/#organization\",\"name\":\"Plesna \u0161kola Banderillas \u2013 Salsa, bachata i dru\u0161tveni plesovi\",\"url\":\"https:\/\/banderillas.eu\/\",\"logo\":{\"@type\":\"ImageObject\",\"inLanguage\":\"en-US\",\"@id\":\"https:\/\/banderillas.eu\/#\/schema\/logo\/image\/\",\"url\":\"https:\/\/banderillas.eu\/wp-content\/uploads\/2026\/02\/Banderillas-logo-Tamni-Bez-Pozadine.png\",\"contentUrl\":\"https:\/\/banderillas.eu\/wp-content\/uploads\/2026\/02\/Banderillas-logo-Tamni-Bez-Pozadine.png\",\"width\":1024,\"height\":1024,\"caption\":\"Plesna \u0161kola Banderillas \u2013 Salsa, bachata i dru\u0161tveni plesovi\"},\"image\":{\"@id\":\"https:\/\/banderillas.eu\/#\/schema\/logo\/image\/\"},\"sameAs\":[\"https:\/\/www.facebook.com\/banderillasplesnaskola\",\"https:\/\/www.instagram.com\/banderillas_plesnaskola\/\"]}]}<\/script>\n<!-- \/ Yoast SEO plugin. -->","yoast_head_json":{"title":"Registracija - Plesna \u0161kola Banderillas \u2013 Salsa, bachata i dru\u0161tveni plesovi","description":"Registriraj se za te\u010dajeve salse, bachate i latino plesova u Plesnoj \u0161koli Banderillas. Jednostavno zapo\u010dni svoju plesnu pri\u010du u Zagrebu.","robots":{"index":"index","follow":"follow","max-snippet":"max-snippet:-1","max-image-preview":"max-image-preview:large","max-video-preview":"max-video-preview:-1"},"canonical":"https:\/\/banderillas.eu\/index.php\/registracija\/","og_locale":"en_US","og_type":"article","og_title":"Registracija \u2013 Plesna \u0161kola Banderillas","og_description":"Registriraj se za te\u010dajeve salse, bachate i latino plesova u Plesnoj \u0161koli Banderillas. Jednostavno zapo\u010dni svoju plesnu pri\u010du u Zagrebu.","og_url":"https:\/\/banderillas.eu\/index.php\/registracija\/","og_site_name":"Plesna \u0161kola Banderillas \u2013 Salsa, bachata i dru\u0161tveni plesovi","article_publisher":"https:\/\/www.facebook.com\/banderillasplesnaskola","article_modified_time":"2026-03-03T13:55:48+00:00","og_image":[{"width":1024,"height":1024,"url":"https:\/\/banderillas.eu\/wp-content\/uploads\/2026\/02\/Banderillas-logo-Tamni-Bez-Pozadine.png","type":"image\/png"}],"twitter_card":"summary_large_image","twitter_title":"Registracija \u2013 Plesna \u0161kola Banderillas","twitter_description":"Registriraj se za te\u010dajeve salse, bachate i latino plesova u Plesnoj \u0161koli Banderillas. Jednostavno zapo\u010dni svoju plesnu pri\u010du u Zagrebu.","twitter_image":"https:\/\/banderillas.eu\/wp-content\/uploads\/2026\/02\/Banderillas-logo-Tamni-Bez-Pozadine.png","twitter_misc":{"Est. reading time":"1 minute"},"schema":{"@context":"https:\/\/schema.org","@graph":[{"@type":"WebPage","@id":"https:\/\/banderillas.eu\/index.php\/registracija\/","url":"https:\/\/banderillas.eu\/index.php\/registracija\/","name":"Registracija - Plesna \u0161kola Banderillas \u2013 Salsa, bachata i dru\u0161tveni plesovi","isPartOf":{"@id":"https:\/\/banderillas.eu\/#website"},"datePublished":"2026-03-02T09:13:12+00:00","dateModified":"2026-03-03T13:55:48+00:00","description":"Registriraj se za te\u010dajeve salse, bachate i latino plesova u Plesnoj \u0161koli Banderillas. Jednostavno zapo\u010dni svoju plesnu pri\u010du u Zagrebu.","breadcrumb":{"@id":"https:\/\/banderillas.eu\/index.php\/registracija\/#breadcrumb"},"inLanguage":"en-US","potentialAction":[{"@type":"ReadAction","target":["https:\/\/banderillas.eu\/index.php\/registracija\/"]}]},{"@type":"BreadcrumbList","@id":"https:\/\/banderillas.eu\/index.php\/registracija\/#breadcrumb","itemListElement":[{"@type":"ListItem","position":1,"name":"Home","item":"https:\/\/banderillas.eu\/"},{"@type":"ListItem","position":2,"name":"Registracija"}]},{"@type":"WebSite","@id":"https:\/\/banderillas.eu\/#website","url":"https:\/\/banderillas.eu\/","name":"Plesna \u0161kola Banderillas \u2013 Salsa, bachata i dru\u0161tveni plesovi","description":"","publisher":{"@id":"https:\/\/banderillas.eu\/#organization"},"potentialAction":[{"@type":"SearchAction","target":{"@type":"EntryPoint","urlTemplate":"https:\/\/banderillas.eu\/?s={search_term_string}"},"query-input":{"@type":"PropertyValueSpecification","valueRequired":true,"valueName":"search_term_string"}}],"inLanguage":"en-US"},{"@type":"Organization","@id":"https:\/\/banderillas.eu\/#organization","name":"Plesna \u0161kola Banderillas \u2013 Salsa, bachata i dru\u0161tveni plesovi","url":"https:\/\/banderillas.eu\/","logo":{"@type":"ImageObject","inLanguage":"en-US","@id":"https:\/\/banderillas.eu\/#\/schema\/logo\/image\/","url":"https:\/\/banderillas.eu\/wp-content\/uploads\/2026\/02\/Banderillas-logo-Tamni-Bez-Pozadine.png","contentUrl":"https:\/\/banderillas.eu\/wp-content\/uploads\/2026\/02\/Banderillas-logo-Tamni-Bez-Pozadine.png","width":1024,"height":1024,"caption":"Plesna \u0161kola Banderillas \u2013 Salsa, bachata i dru\u0161tveni plesovi"},"image":{"@id":"https:\/\/banderillas.eu\/#\/schema\/logo\/image\/"},"sameAs":["https:\/\/www.facebook.com\/banderillasplesnaskola","https:\/\/www.instagram.com\/banderillas_plesnaskola\/"]}]}},"_links":{"self":[{"href":"https:\/\/banderillas.eu\/index.php\/wp-json\/wp\/v2\/pages\/1171","targetHints":{"allow":["GET"]}}],"collection":[{"href":"https:\/\/banderillas.eu\/index.php\/wp-json\/wp\/v2\/pages"}],"about":[{"href":"https:\/\/banderillas.eu\/index.php\/wp-json\/wp\/v2\/types\/page"}],"author":[{"embeddable":true,"href":"https:\/\/banderillas.eu\/index.php\/wp-json\/wp\/v2\/users\/1"}],"replies":[{"embeddable":true,"href":"https:\/\/banderillas.eu\/index.php\/wp-json\/wp\/v2\/comments?post=1171"}],"version-history":[{"count":4,"href":"https:\/\/banderillas.eu\/index.php\/wp-json\/wp\/v2\/pages\/1171\/revisions"}],"predecessor-version":[{"id":1175,"href":"https:\/\/banderillas.eu\/index.php\/wp-json\/wp\/v2\/pages\/1171\/revisions\/1175"}],"wp:attachment":[{"href":"https:\/\/banderillas.eu\/index.php\/wp-json\/wp\/v2\/media?parent=1171"}],"curies":[{"name":"wp","href":"https:\/\/api.w.org\/{rel}","templated":true}]}}